{"id":57,"date":"2019-03-20T16:00:43","date_gmt":"2019-03-20T15:00:43","guid":{"rendered":"http:\/\/127.0.0.3:8080\/?page_id=57"},"modified":"2019-04-01T10:54:34","modified_gmt":"2019-04-01T09:54:34","slug":"freundeskreis","status":"publish","type":"page","link":"https:\/\/www.vfb-hochneukirch.de\/?page_id=57","title":{"rendered":"Freundeskreis"},"content":{"rendered":"\n<p>Der Freundeskreis wurde durch ehemalige Spieler des VfB 08 Hochneukirch gegr\u00fcndet. <\/p>\n\n\n\n<p>Er hat sich die Aufgabe gestellt, den Fu\u00dfball und das Vereinsleben des VfB in Zusammenarbeit mit den Eltern, aktiven und passiven Mitgliedern, dem Vorstand und treuen Anh\u00e4ngern des Vereins zu f\u00f6rdern und zu unterst\u00fctzen.<\/p>\n\n\n\n<p style=\"text-align:center\" class=\"has-medium-font-size\"><strong>Das Motto f\u00fcr unseren Verein muss hei\u00dfen<\/strong><br>Hier macht Fu\u00dfball Spa\u00df!<\/p>\n\n\n\n<div class=\"wp-block-image\"><figure class=\"aligncenter is-resized\"><img loading=\"lazy\" decoding=\"async\" src=\"https:\/\/www.vfb-hochneukirch.de\/wp-content\/uploads\/2019\/04\/Logo-VfB-Freundeskreis.png\" alt=\"\" class=\"wp-image-711\" width=\"450\" height=\"450\" srcset=\"https:\/\/www.vfb-hochneukirch.de\/wp-content\/uploads\/2019\/04\/Logo-VfB-Freundeskreis.png 600w, https:\/\/www.vfb-hochneukirch.de\/wp-content\/uploads\/2019\/04\/Logo-VfB-Freundeskreis-300x300.png 300w, https:\/\/www.vfb-hochneukirch.de\/wp-content\/uploads\/2019\/04\/Logo-VfB-Freundeskreis-100x100.png 100w, https:\/\/www.vfb-hochneukirch.de\/wp-content\/uploads\/2019\/04\/Logo-VfB-Freundeskreis-150x150.png 150w, https:\/\/www.vfb-hochneukirch.de\/wp-content\/uploads\/2019\/04\/Logo-VfB-Freundeskreis-60x60.png 60w\" sizes=\"auto, (max-width: 450px) 100vw, 450px\" \/><\/figure><\/div>\n\n\n\n<p><\/p>\n","protected":false},"excerpt":{"rendered":"<p>Der Freundeskreis wurde durch ehemalige Spieler des VfB 08 Hochneukirch gegr\u00fcndet. Er hat sich die Aufgabe gestellt, den Fu\u00dfball und das Vereinsleben des VfB in Zusammenarbeit mit den Eltern, aktiven [&hellip;]<\/p>\n","protected":false},"author":3,"featured_media":0,"parent":0,"menu_order":0,"comment_status":"closed","ping_status":"closed","template":"","meta":{"footnotes":""},"class_list":["post-57","page","type-page","status-publish","hentry"],"_links":{"self":[{"href":"https:\/\/www.vfb-hochneukirch.de\/index.php?rest_route=\/wp\/v2\/pages\/57","targetHints":{"allow":["GET"]}}],"collection":[{"href":"https:\/\/www.vfb-hochneukirch.de\/index.php?rest_route=\/wp\/v2\/pages"}],"about":[{"href":"https:\/\/www.vfb-hochneukirch.de\/index.php?rest_route=\/wp\/v2\/types\/page"}],"author":[{"embeddable":true,"href":"https:\/\/www.vfb-hochneukirch.de\/index.php?rest_route=\/wp\/v2\/users\/3"}],"replies":[{"embeddable":true,"href":"https:\/\/www.vfb-hochneukirch.de\/index.php?rest_route=%2Fwp%2Fv2%2Fcomments&post=57"}],"version-history":[{"count":0,"href":"https:\/\/www.vfb-hochneukirch.de\/index.php?rest_route=\/wp\/v2\/pages\/57\/revisions"}],"wp:attachment":[{"href":"https:\/\/www.vfb-hochneukirch.de\/index.php?rest_route=%2Fwp%2Fv2%2Fmedia&parent=57"}],"curies":[{"name":"wp","href":"https:\/\/api.w.org\/{rel}","templated":true}]}}