{"id":45,"date":"2019-03-20T15:50:41","date_gmt":"2019-03-20T14:50:41","guid":{"rendered":"http:\/\/127.0.0.3:8080\/?page_id=45"},"modified":"2025-09-03T09:39:19","modified_gmt":"2025-09-03T08:39:19","slug":"mitglieder","status":"publish","type":"page","link":"https:\/\/www.vfb-hochneukirch.de\/?page_id=45","title":{"rendered":"Ansprechpartner"},"content":{"rendered":"\n<p class=\"has-medium-font-size\"><strong>Funktionen<\/strong><\/p>\n\n\n\n<p><strong>Mitgliederverwaltung<\/strong><br>Thomas M\u00fcller<br>Telefon: (0177) 6029835 <\/p>\n\n\n\n<p><strong>Platzwart<\/strong><br>Thorsten Wilberg<br>Telefon: (0176) 161368746<\/p>\n\n\n\n<p><strong>Sponsoring<\/strong><br>Thomas M\u00fcller<br>Telefon: (0177) 6029835 <\/p>\n\n\n\n<p><strong>Zeugwart<\/strong><br>Michael Wienands<br>Telefon: (0162) 4364411<br><\/p>\n\n\n\n<p class=\"has-medium-font-size\"><br><\/p>\n\n\n\n<p class=\"has-medium-font-size\"><strong>Juniorenabteilung<\/strong><\/p>\n\n\n\n<p><strong><strong>Sportlicher Leiter Fu\u00dfball (Junioren)<\/strong><\/strong><br>Sebastian Plum<br>Telefon:  (0174) 7819714<\/p>\n\n\n\n<p><strong>Jugend Spielbetrieb<\/strong> <strong>\/ Passwesen<\/strong><br>Holger Bildstein<br>Telefon: (0173) 2957291<\/p>\n\n\n\n<p><strong>Turniere \/ Veranstaltungen<\/strong><br>Max Cremer<br>Telefon: (0162) 5879862<\/p>\n\n\n\n<p><strong>Elternrat<\/strong><br>Jule Sch\u00e4fer<br>Telefon: (0157) 83222881<\/p>\n\n\n\n<p>Moni Brunen<br>Telefon: (0151) 40266060<\/p>\n\n\n\n<p>Evelyn Peiffer<br>Telefon: (0173) 8375607<\/p>\n\n\n\n<p class=\"has-medium-font-size\"><strong><strong>Seniorenabteilung<\/strong><\/strong><\/p>\n\n\n\n<p><strong>Sportlicher Leiter Fu\u00dfball (Senioren)<\/strong><br>n. N.<br>Telefon: <\/p>\n\n\n\n<p class=\"has-medium-font-size\"><strong><strong>Familien<\/strong> und Kinder<\/strong><\/p>\n\n\n\n<p><strong>MAMAktiv<br><\/strong>Jule Sch\u00e4fer<br>Telefon: (0157) 83222881<\/p>\n\n\n\n<p class=\"has-medium-font-size\"><strong>Schulen und Kiga<\/strong><\/p>\n\n\n\n<p><strong>Kooperationsbeauftragte Schulen und Kinderg\u00e4rten<br><\/strong>Sebastian Plum<br>Telefon:  (0174) 7819714<\/p>\n\n\n\n<p><strong>Futziball<br><\/strong>Thomas M\u00fcller<br>Telefon: (0177) 6029835 <\/p>\n","protected":false},"excerpt":{"rendered":"<p>Funktionen MitgliederverwaltungThomas M\u00fcllerTelefon: (0177) 6029835 PlatzwartThorsten WilbergTelefon: (0176) 161368746 SponsoringThomas M\u00fcllerTelefon: (0177) 6029835 ZeugwartMichael WienandsTelefon: (0162) 4364411 Juniorenabteilung Sportlicher Leiter Fu\u00dfball (Junioren)Sebastian PlumTelefon: (0174) 7819714 Jugend Spielbetrieb \/ PasswesenHolger BildsteinTelefon: [&hellip;]<\/p>\n","protected":false},"author":3,"featured_media":0,"parent":0,"menu_order":0,"comment_status":"closed","ping_status":"closed","template":"","meta":{"footnotes":""},"class_list":["post-45","page","type-page","status-publish","hentry"],"_links":{"self":[{"href":"https:\/\/www.vfb-hochneukirch.de\/index.php?rest_route=\/wp\/v2\/pages\/45","targetHints":{"allow":["GET"]}}],"collection":[{"href":"https:\/\/www.vfb-hochneukirch.de\/index.php?rest_route=\/wp\/v2\/pages"}],"about":[{"href":"https:\/\/www.vfb-hochneukirch.de\/index.php?rest_route=\/wp\/v2\/types\/page"}],"author":[{"embeddable":true,"href":"https:\/\/www.vfb-hochneukirch.de\/index.php?rest_route=\/wp\/v2\/users\/3"}],"replies":[{"embeddable":true,"href":"https:\/\/www.vfb-hochneukirch.de\/index.php?rest_route=%2Fwp%2Fv2%2Fcomments&post=45"}],"version-history":[{"count":31,"href":"https:\/\/www.vfb-hochneukirch.de\/index.php?rest_route=\/wp\/v2\/pages\/45\/revisions"}],"predecessor-version":[{"id":4337,"href":"https:\/\/www.vfb-hochneukirch.de\/index.php?rest_route=\/wp\/v2\/pages\/45\/revisions\/4337"}],"wp:attachment":[{"href":"https:\/\/www.vfb-hochneukirch.de\/index.php?rest_route=%2Fwp%2Fv2%2Fmedia&parent=45"}],"curies":[{"name":"wp","href":"https:\/\/api.w.org\/{rel}","templated":true}]}}