{"id":3269,"date":"2022-09-14T12:46:23","date_gmt":"2022-09-14T11:46:23","guid":{"rendered":"https:\/\/www.vfb-hochneukirch.de\/?page_id=3269"},"modified":"2024-01-15T11:59:44","modified_gmt":"2024-01-15T10:59:44","slug":"jugendleistungszentrum","status":"publish","type":"page","link":"https:\/\/www.vfb-hochneukirch.de\/?page_id=3269","title":{"rendered":"Jugendleistungszentrum"},"content":{"rendered":"\n<p><strong>Talente weiter bringen.&nbsp;<\/strong>Die individuelle Ausbildung und Entwicklung eines jeden Spielers im sportlichen und sozialen Bereich, sowie die Pers\u00f6nlichkeitsentwicklung eines jeden Einzelnen ist das oberste Ziel der Arbeit des Jugendleistungszentrums.<br><br>Unsere daraus abgeleiteten sportlichen Ausbildungsziele lauten:<\/p>\n\n\n\n<ul class=\"wp-block-list\">\n<li>ausgepr\u00e4gte F\u00e4higkeiten im 1 gegen 1<\/li>\n\n\n\n<li>hohes technische Niveau<\/li>\n\n\n\n<li>sehr hohe taktische Flexibilit\u00e4t<\/li>\n\n\n\n<li>sehr gute Entscheidungsf\u00e4higkeit <\/li>\n\n\n\n<li>sehr hoher Handlungsschnelligkeit<\/li>\n\n\n\n<li>hohe physische und psychische Belastungsvertr\u00e4glichkeit<\/li>\n<\/ul>\n\n\n\n<p>Wir gliedern die Ausbildung unserer Jugendspieler in 4 Phasen:<br><br><strong>Grundlagenbereich<br><\/strong>Im Kinderfu\u00dfball der E- und F-Junioren werden auf spielerischem, somit altersgerechtem Weg allgemeinsportliche und fu\u00dfballgrundlegende Inhalte trainiert. <\/p>\n\n\n\n<ul class=\"wp-block-list\">\n<li>Schwerpunkt liegt im spielerischen und in den vielf\u00e4ltigen&nbsp;Bewegungserfahrungen\u200b<\/li>\n\n\n\n<li>Vermittlung von Spa\u00df und Freude am Fu\u00dfballspielen\u200b<\/li>\n\n\n\n<li>Entwicklung eines positiven Selbstwertgef\u00fchls\u200b<\/li>\n\n\n\n<li>Vermittlung von Grundtechniken, wie Dribbeln, Passen,&nbsp;Ballmitnahme, Torschuss\u200b<\/li>\n\n\n\n<li>Der Sieg steht&nbsp;<strong>nicht<\/strong>&nbsp;im Vordergrund\u200b<\/li>\n\n\n\n<li>Vermittlung von konditionellen und koordinativen Grundlagen&nbsp;in spielerischer Form durch kleine \u00dcbungen\u200b<\/li>\n\n\n\n<li>Training der Handlungs- und Reaktionsschnelligkeit\u200b<\/li>\n\n\n\n<li>Beidf\u00fc\u00dfige Aus\u00fcbung der \u00dcbungen<\/li>\n<\/ul>\n\n\n\n<p><strong>Aufbaubereich<br><\/strong>Im \u00dcbergang zum Jugendfu\u00dfball trainieren die D- und C-Junioren. Im so genannten Aufbautraining erfolgt eine hohe Spezialisierung des technischen Fertigkeitsniveaus. Es erfolgt der \u00dcbergang auf das gro\u00dfe Fu\u00dfballfeld. <\/p>\n\n\n\n<ul class=\"wp-block-list\">\n<li>Partner- und gruppentaktische Verhaltensweisen im&nbsp;Angriff und in der Defensive nehmen einen immer h\u00f6heren&nbsp;Stellenwert ein\u200b<\/li>\n\n\n\n<li>Festigen der technischen F\u00e4higkeiten\u200b<\/li>\n\n\n\n<li>Erlernen verschiedener Spielsysteme\u200b<\/li>\n\n\n\n<li>Schnelligkeitsorientiertes, spielerisches Training<\/li>\n<\/ul>\n\n\n\n<p><strong>Leistungsbereich<\/strong><br>Positionsspezialisierung, verst\u00e4rktes Trainieren konditioneller F\u00e4higkeiten, vertiefende taktische Schulungen.<\/p>\n\n\n\n<ul class=\"wp-block-list\">\n<li>Besondere Forderung und F\u00f6rderung der Spieler\u200b<\/li>\n\n\n\n<li>Anwendung aller erlernten Techniken unter h\u00f6herem&nbsp;Druck (Raum, Zeit, Gegner)\u200b<\/li>\n\n\n\n<li>Stabilisierung positionsspezifischer Verhaltensweisen\u200b<\/li>\n\n\n\n<li>Individual, Gruppen- und Mannschaftstaktische&nbsp;Verhaltensweisen bilden im Taktischen Bereich den&nbsp;Schwerpunkt<\/li>\n<\/ul>\n\n\n\n<p><strong>\u00dcbergangsbereich<\/strong><br>In engster Abstimmung mit der ersten Mannschaft erm\u00f6glichen wir hier unseren Talenten den Einstieg in die Seniorenabteilung.<\/p>\n\n\n\n<p><strong>Fragen zum Jugendkonzept gerne an:<\/strong><\/p>\n\n\n\n<p>Sebastian Plum<br>M:\u00a0<a href=\"mailto:sebastian.plum@vfb-hochneukirch.de\">sebastian.plum@vfb-hochnekirch.de<\/a><br>Telefon: (0174) 7819714<\/p>\n\n\n\n<p><br><\/p>\n","protected":false},"excerpt":{"rendered":"<p>Talente weiter bringen.&nbsp;Die individuelle Ausbildung und Entwicklung eines jeden Spielers im sportlichen und sozialen Bereich, sowie die Pers\u00f6nlichkeitsentwicklung eines jeden Einzelnen ist das oberste Ziel der Arbeit des Jugendleistungszentrums. Unsere [&hellip;]<\/p>\n","protected":false},"author":5,"featured_media":0,"parent":0,"menu_order":0,"comment_status":"closed","ping_status":"closed","template":"","meta":{"footnotes":""},"class_list":["post-3269","page","type-page","status-publish","hentry"],"_links":{"self":[{"href":"https:\/\/www.vfb-hochneukirch.de\/index.php?rest_route=\/wp\/v2\/pages\/3269","targetHints":{"allow":["GET"]}}],"collection":[{"href":"https:\/\/www.vfb-hochneukirch.de\/index.php?rest_route=\/wp\/v2\/pages"}],"about":[{"href":"https:\/\/www.vfb-hochneukirch.de\/index.php?rest_route=\/wp\/v2\/types\/page"}],"author":[{"embeddable":true,"href":"https:\/\/www.vfb-hochneukirch.de\/index.php?rest_route=\/wp\/v2\/users\/5"}],"replies":[{"embeddable":true,"href":"https:\/\/www.vfb-hochneukirch.de\/index.php?rest_route=%2Fwp%2Fv2%2Fcomments&post=3269"}],"version-history":[{"count":6,"href":"https:\/\/www.vfb-hochneukirch.de\/index.php?rest_route=\/wp\/v2\/pages\/3269\/revisions"}],"predecessor-version":[{"id":3773,"href":"https:\/\/www.vfb-hochneukirch.de\/index.php?rest_route=\/wp\/v2\/pages\/3269\/revisions\/3773"}],"wp:attachment":[{"href":"https:\/\/www.vfb-hochneukirch.de\/index.php?rest_route=%2Fwp%2Fv2%2Fmedia&parent=3269"}],"curies":[{"name":"wp","href":"https:\/\/api.w.org\/{rel}","templated":true}]}}