{"id":26,"date":"2019-03-20T14:47:05","date_gmt":"2019-03-20T13:47:05","guid":{"rendered":"http:\/\/127.0.0.3:8080\/?page_id=26"},"modified":"2019-05-21T11:39:55","modified_gmt":"2019-05-21T10:39:55","slug":"impressum","status":"publish","type":"page","link":"https:\/\/www.vfb-hochneukirch.de\/?page_id=26","title":{"rendered":"Impressum"},"content":{"rendered":"\n<p><strong>Inhaltlich verantwortlich im Sinne des \u00a7 5 Telemediengesetzes<\/strong><br>J\u00fcrgen Stracks<br>Vorsitzender VfB 08 Hochneukirch e.V.<br>Telefon: 0173 \/ 54 21 117<\/p>\n\n\n\n<p>Registergericht: Amtsgericht M\u00f6nchengladbach<br>Fu\u00dfballverband: Fu\u00dfballverband Niederrhein e. V <br>Kreis: 4 &#8211; M\u00f6nchengladbach-Viersen<\/p>\n\n\n\n<p><strong>Inhaber der Domain und Internetpr\u00e4senz<\/strong><br>J\u00fcrgen Stracks<br>Peter-Busch-Stra\u00dfe 106<br>41363 J\u00fcchen<br>Telefon: 0173 \/ 54 21 117<\/p>\n\n\n\n<p><strong>Hinweis<\/strong><br>Diese Seite hat reinen Informationscharakter und verfolgt keine kommerziellen Zwecke. Trotz sorgf\u00e4ltiger inhaltlicher Kontrolle \u00fcbernehmen wir keine Haftung f\u00fcr die Inhalte externer Links. <br>F\u00fcr den Inhalt der verlinkten Seiten bzw. Links, welche auf unsere Homepage verlinken &#8211; sind ausschlie\u00dflich deren Betreiber verantwortlich. Es ist gestattet, einen Hyperlink auf die Website zu setzen, soweit er allein der Querreferenz dient. Der Betreiber beh\u00e4lt sich das Recht vor, die Gestattung zu widerrufen. <\/p>\n\n\n\n<p>Das Einbinden in Frames anderer Websites ist nicht gestattet. Jedes Herunterladen, jede Vervielf\u00e4ltigung, \u00c4nderung, Verbreitung, Speicherung, Vorf\u00fchrung, Sendung, Vermietung, Verleihung oder sonstige Nutzung der Website im Ganzen oder einzelner Inhalte der Website, insbesondere von Texten, Textteilen, Bildern, ist ohne vorherige schriftliche Zustimmung des Betreibers untersagt. <\/p>\n\n\n\n<p><strong>Disclaimer\/Haftungsausschluss<\/strong><br>Der Betreiber dieser Website \u00fcbernimmt keinerlei Gew\u00e4hr f\u00fcr die Aktualit\u00e4t, Korrektheit, Vollst\u00e4ndigkeit oder Qualit\u00e4t der bereitgestellten Informationen. Jegliche Haftungsanspr\u00fcche gegen den Betreiber, welche sich auf Sch\u00e4den materieller oder immaterieller Art beziehen, welche durch Nutzung oder Nichtnutzung der dargebotenen Informationen bzw. durch die Nutzung fehlerhafter und unvollst\u00e4ndiger Informationen verursacht wurden sind grunds\u00e4tzlich ausgeschlossen, sofern seitens des Betreibers kein nachweislich vors\u00e4tzliches oder grob fahrl\u00e4ssiges Verschulden vorliegt.<\/p>\n\n\n\n<p>Der Betreiber beh\u00e4lt sich ausdr\u00fccklich vor, Teile der Seiten oder das gesamte Angebot ohne gesonderte Ank\u00fcndigung zu ver\u00e4ndern, zu l\u00f6schen oder die Ver\u00f6ffentlichung zeitweise oder endg\u00fcltig einzustellen. <\/p>\n","protected":false},"excerpt":{"rendered":"<p>Inhaltlich verantwortlich im Sinne des \u00a7 5 TelemediengesetzesJ\u00fcrgen StracksVorsitzender VfB 08 Hochneukirch e.V.Telefon: 0173 \/ 54 21 117 Registergericht: Amtsgericht M\u00f6nchengladbachFu\u00dfballverband: Fu\u00dfballverband Niederrhein e. V Kreis: 4 &#8211; M\u00f6nchengladbach-Viersen Inhaber [&hellip;]<\/p>\n","protected":false},"author":3,"featured_media":0,"parent":0,"menu_order":0,"comment_status":"closed","ping_status":"closed","template":"","meta":{"footnotes":""},"class_list":["post-26","page","type-page","status-publish","hentry"],"_links":{"self":[{"href":"https:\/\/www.vfb-hochneukirch.de\/index.php?rest_route=\/wp\/v2\/pages\/26","targetHints":{"allow":["GET"]}}],"collection":[{"href":"https:\/\/www.vfb-hochneukirch.de\/index.php?rest_route=\/wp\/v2\/pages"}],"about":[{"href":"https:\/\/www.vfb-hochneukirch.de\/index.php?rest_route=\/wp\/v2\/types\/page"}],"author":[{"embeddable":true,"href":"https:\/\/www.vfb-hochneukirch.de\/index.php?rest_route=\/wp\/v2\/users\/3"}],"replies":[{"embeddable":true,"href":"https:\/\/www.vfb-hochneukirch.de\/index.php?rest_route=%2Fwp%2Fv2%2Fcomments&post=26"}],"version-history":[{"count":0,"href":"https:\/\/www.vfb-hochneukirch.de\/index.php?rest_route=\/wp\/v2\/pages\/26\/revisions"}],"wp:attachment":[{"href":"https:\/\/www.vfb-hochneukirch.de\/index.php?rest_route=%2Fwp%2Fv2%2Fmedia&parent=26"}],"curies":[{"name":"wp","href":"https:\/\/api.w.org\/{rel}","templated":true}]}}