{"id":148,"date":"2019-03-21T13:51:37","date_gmt":"2019-03-21T12:51:37","guid":{"rendered":"http:\/\/127.0.0.3:8080\/?page_id=148"},"modified":"2019-03-27T14:54:04","modified_gmt":"2019-03-27T14:54:04","slug":"100-jahre-vfb","status":"publish","type":"page","link":"https:\/\/www.vfb-hochneukirch.de\/?page_id=148","title":{"rendered":"100 Jahre VfB"},"content":{"rendered":"\n<p>Der VfB 08 Hochneukirch wurde im Jahre 2008 100 Jahre alt. Grund zu feiern f\u00fcr den VfB, seine Mitglieder und den gesamten Ort. Der Vorstand hatte in einer Projektgruppe ein Programm auf die Beine gestellt, dass sich sehen lassen konnte.<\/p>\n\n\n\n<p>Schon fr\u00fch war beschlossen worden, sich bei den Feierlichkeiten nicht auf eine Woche oder ein paar aufeinanderfolgende Tage zu konzentrieren, sondern Events auf das gesamte Jahr zu verteilen. Am 29. M\u00e4rz 2008 gab im Festzelt auf dem Kirmesplatz die Band &#8222;ABBAFEVER&#8220; ein spektaktul\u00e4res Konzert. Fast 1.200 Besucher waren vom Programm &#8222;ABBAFEVER meets NIGHTFEVER&#8220; begeistert. Die europaweit beste Abba-Cover-Band zeigte ihr K\u00f6nnen und keiner brauchte sein Kommen zu bereuen.<\/p>\n\n\n\n<p>Vom 24. Juli bis 17. August fanden verschieden Turniere f\u00fcr Senioren, Seniorinnen und Junioren statt. Besonders der M\u00fchlencup fand in der regionalen Presse ein vielbeachtetes Echo. Mit Fortuna D\u00fcsseldorf II konnte man eine Mannschaft aus der NRW-Liga an der M\u00fchle begr\u00fc\u00dfen. Doch Turniersieger wurde \u00fcberraschend Bezirksligist Rheydter Spielverein, einer der Traditionsvereine vom Niederrhein.<\/p>\n\n\n\n<p>3:2 endete das Finale des M\u00fchlencups f\u00fcr den Au\u00dfenseiter Rheydter Spielverein, gegen eine allerdings mit einigen A-Juniorenspieler ange-tretenen D\u00fcsseldorfer Elf. Das Frauenfinale konnte der SV  M\u00f6nchengladbach 1910 gegen TuSa D\u00fcsseldorf mit 2:1 gewinnen.<\/p>\n\n\n\n<p>Die offiziellen Feierlichkeiten fanden am 20. September statt. Der Verein hatte Mitglieder, Politiker, Freunde und G\u00f6nner zu einem Empfang geladen. Viele waren in die festlich geschm\u00fcckte Peter-Bamm-Halle gekommen, allen voran B\u00fcrgermeisterin Margarete Kranz, Landtagsabgeordneter Lutz Lienenk\u00e4mper und unser Ehrenvorsitzender Alois Holzner. Pr\u00e4sidumsmitglied Josef Bowinkelmann \u00fcberbrachte Gl\u00fcckw\u00fcnsche im Namen des Fu\u00dfballverbandes Niederrhein und des DFB. Nach dem offiziellen Teil gab es noch ein Konzert der J\u00e4gerkapelle Hochneukirch. <\/p>\n\n\n\n<p>Die Post ging noch einmal so richtig ab am 11. Oktober auf unserer \u00dc30-Party in der Peter-Bamm-Halle. Unter den DJ&#8217;s Sch\u00fcrzenj\u00e4ger wurde noch einmal so richtig abgetanzt und und bis in die fr\u00fchen Morgenstunden gefeiert. Nach einem anstrengenden Jahr mit vielen Veranstaltungen bildete diese Party der richtige Abschluss. Nach insgesamt \u00fcber zweij\u00e4hriger Vorbereitung haben wir es vollbracht, unser Jubil\u00e4umsjahr.&nbsp; <\/p>\n","protected":false},"excerpt":{"rendered":"<p>Der VfB 08 Hochneukirch wurde im Jahre 2008 100 Jahre alt. Grund zu feiern f\u00fcr den VfB, seine Mitglieder und den gesamten Ort. Der Vorstand hatte in einer Projektgruppe ein [&hellip;]<\/p>\n","protected":false},"author":3,"featured_media":0,"parent":0,"menu_order":0,"comment_status":"closed","ping_status":"closed","template":"","meta":{"footnotes":""},"class_list":["post-148","page","type-page","status-publish","hentry"],"_links":{"self":[{"href":"https:\/\/www.vfb-hochneukirch.de\/index.php?rest_route=\/wp\/v2\/pages\/148","targetHints":{"allow":["GET"]}}],"collection":[{"href":"https:\/\/www.vfb-hochneukirch.de\/index.php?rest_route=\/wp\/v2\/pages"}],"about":[{"href":"https:\/\/www.vfb-hochneukirch.de\/index.php?rest_route=\/wp\/v2\/types\/page"}],"author":[{"embeddable":true,"href":"https:\/\/www.vfb-hochneukirch.de\/index.php?rest_route=\/wp\/v2\/users\/3"}],"replies":[{"embeddable":true,"href":"https:\/\/www.vfb-hochneukirch.de\/index.php?rest_route=%2Fwp%2Fv2%2Fcomments&post=148"}],"version-history":[{"count":0,"href":"https:\/\/www.vfb-hochneukirch.de\/index.php?rest_route=\/wp\/v2\/pages\/148\/revisions"}],"wp:attachment":[{"href":"https:\/\/www.vfb-hochneukirch.de\/index.php?rest_route=%2Fwp%2Fv2%2Fmedia&parent=148"}],"curies":[{"name":"wp","href":"https:\/\/api.w.org\/{rel}","templated":true}]}}