{"id":145,"date":"2019-03-21T13:49:05","date_gmt":"2019-03-21T12:49:05","guid":{"rendered":"http:\/\/127.0.0.3:8080\/?page_id=145"},"modified":"2024-02-11T18:24:57","modified_gmt":"2024-02-11T17:24:57","slug":"mitgliedschaft","status":"publish","type":"page","link":"https:\/\/www.vfb-hochneukirch.de\/?page_id=145","title":{"rendered":"Mitgliedschaft"},"content":{"rendered":"\n<p><strong>Liebe und Leidenschaft und mitunter auch eine Portion Leidensf\u00e4higkeit zeichnen einen echten VfBler aus. Und wie k\u00f6nnte man diese Verbundenheit besser ausdr\u00fccken als mit einer Mitgliedschaft.<br><br><\/strong>Der VfB 08 Hochneukirch e.V. hat Mitglieder, F\u00f6rdermitglieder und Ehrenmitglieder in seinen Reihen.<br><br>Jedes Vereinsmitglied bereichert die VfB-Familie, st\u00e4rkt den Verein sowohl ideell wie auch finanziell und tr\u00e4gt dazu bei, die Zukunft des&nbsp;VfB 08&nbsp;erfolgreich zu gestalten.<\/p>\n\n\n\n<p><strong>Vereinsmitglied zu sein bedeutet:<\/strong><\/p>\n\n\n\n<ul class=\"wp-block-list\">\n<li>Du st\u00e4rkst die VfB-Familie<\/li>\n\n\n\n<li>Du unterst\u00fctzt den Verein durch deinen Mitgliedsbeitrag<\/li>\n\n\n\n<li>Du kannst an Mitgliedsversammlungen teilnehmen&nbsp;<br>und w\u00e4hlen oder w\u00e4hlbar sein (siehe Satzung)<\/li>\n\n\n\n<li>Du kannst als aktives Mitglied im Verein Sport treiben<\/li>\n\n\n\n<li>Du genie\u00dft&nbsp;Vorz\u00fcge f\u00fcr Mitglieder<\/li>\n<\/ul>\n\n\n\n<h2 class=\"wp-block-heading\">Wie kannst du dich anmelden?<\/h2>\n\n\n\n<p class=\"has-medium-font-size\"><strong>Schritt 1<\/strong><\/p>\n\n\n\n<p>Die Anmeldung erfolgt online. F\u00fclle einfach die Online-Anmeldung aus.<\/p>\n\n\n\n<p><\/p>\n\n\n\n<div class=\"wp-block-buttons is-layout-flex wp-block-buttons-is-layout-flex\">\n<div class=\"wp-block-button aligncenter\"><a class=\"wp-block-button__link wp-element-button\" href=\"https:\/\/www.vfb-hochneukirch.de\/?page_id=3127\">Zur Online-Anmeldung<\/a><\/div>\n<\/div>\n\n\n\n<p class=\"has-medium-font-size\"><strong>Schritt 2<\/strong><\/p>\n\n\n\n<p>Nachdem du die Online-Anmeldung ausgef\u00fcllt hast, bekommst du eine automatische Best\u00e4tigungsmail. Wir nehmen dich in unsere Mitgliederverwaltung auf und informieren, im Fall einer aktiven Mitgliedschaft, den jeweiligen Trainer. Dieser nimmt innerhalb k\u00fcrzester Zeit Kontakt zu dir auf und teilt dir die Trainingszeiten mit.<\/p>\n\n\n\n<p class=\"has-medium-font-size\"><strong>Schritt 3<\/strong><\/p>\n\n\n\n<p>Du spielst im Jugendbereich? Dann erh\u00e4ltst du von uns ein Willkommens-Paket.<\/p>\n\n\n\n<p class=\"has-medium-font-size\"><strong>Schritt 4<\/strong><\/p>\n\n\n\n<p>Bitte lade zus\u00e4tzlich das folgende Dokument herunter, drucke es und f\u00fclle es aus (<strong>nur bei aktiver Mitgliedschaft<\/strong>). Danach k\u00f6nnt ihr das ausgef\u00fcllte Dokument bei eurem Trainer abgeben!<\/p>\n\n\n\n<div class=\"wp-block-buttons is-layout-flex wp-block-buttons-is-layout-flex\">\n<div class=\"wp-block-button aligncenter\"><a class=\"wp-block-button__link wp-element-button\" href=\"https:\/\/www.vfb-hochneukirch.de\/wp-content\/uploads\/2022\/07\/VFB_Spielberechtigung.pdf\">Download der Spielberechtigung<\/a><\/div>\n<\/div>\n\n\n\n<p><\/p>\n\n\n\n<p> <\/p>\n\n\n\n<p><strong>Fragen zur Anmeldung gerne an:<\/strong><\/p>\n\n\n\n<p>Thomas M\u00fcller<br>Gesch\u00e4ftsf\u00fchrer<br>M:&nbsp;<a href=\"mailto:vfb08hochneukirch@gmx.de\">vfb08hochneukirch@gmx.de<\/a><br>Telefon: (0177) 6029835<\/p>\n","protected":false},"excerpt":{"rendered":"<p>Liebe und Leidenschaft und mitunter auch eine Portion Leidensf\u00e4higkeit zeichnen einen echten VfBler aus. Und wie k\u00f6nnte man diese Verbundenheit besser ausdr\u00fccken als mit einer Mitgliedschaft. Der VfB 08 Hochneukirch [&hellip;]<\/p>\n","protected":false},"author":3,"featured_media":0,"parent":0,"menu_order":0,"comment_status":"closed","ping_status":"closed","template":"","meta":{"footnotes":""},"class_list":["post-145","page","type-page","status-publish","hentry"],"_links":{"self":[{"href":"https:\/\/www.vfb-hochneukirch.de\/index.php?rest_route=\/wp\/v2\/pages\/145","targetHints":{"allow":["GET"]}}],"collection":[{"href":"https:\/\/www.vfb-hochneukirch.de\/index.php?rest_route=\/wp\/v2\/pages"}],"about":[{"href":"https:\/\/www.vfb-hochneukirch.de\/index.php?rest_route=\/wp\/v2\/types\/page"}],"author":[{"embeddable":true,"href":"https:\/\/www.vfb-hochneukirch.de\/index.php?rest_route=\/wp\/v2\/users\/3"}],"replies":[{"embeddable":true,"href":"https:\/\/www.vfb-hochneukirch.de\/index.php?rest_route=%2Fwp%2Fv2%2Fcomments&post=145"}],"version-history":[{"count":15,"href":"https:\/\/www.vfb-hochneukirch.de\/index.php?rest_route=\/wp\/v2\/pages\/145\/revisions"}],"predecessor-version":[{"id":3822,"href":"https:\/\/www.vfb-hochneukirch.de\/index.php?rest_route=\/wp\/v2\/pages\/145\/revisions\/3822"}],"wp:attachment":[{"href":"https:\/\/www.vfb-hochneukirch.de\/index.php?rest_route=%2Fwp%2Fv2%2Fmedia&parent=145"}],"curies":[{"name":"wp","href":"https:\/\/api.w.org\/{rel}","templated":true}]}}