{"id":138,"date":"2019-03-21T13:44:44","date_gmt":"2019-03-21T12:44:44","guid":{"rendered":"http:\/\/127.0.0.3:8080\/?page_id=138"},"modified":"2025-09-03T09:41:33","modified_gmt":"2025-09-03T08:41:33","slug":"vorstand","status":"publish","type":"page","link":"https:\/\/www.vfb-hochneukirch.de\/?page_id=138","title":{"rendered":"Vorstand"},"content":{"rendered":"\n<p class=\"has-text-align-center\"><strong>Vorsitzender<\/strong><\/p>\n\n\n<div class=\"wp-block-image\">\n<figure class=\"aligncenter size-large is-resized\"><img loading=\"lazy\" decoding=\"async\" width=\"874\" height=\"1024\" src=\"https:\/\/www.vfb-hochneukirch.de\/wp-content\/uploads\/2024\/08\/JStracks-874x1024.jpg\" alt=\"\" class=\"wp-image-4020\" style=\"width:242px\" srcset=\"https:\/\/www.vfb-hochneukirch.de\/wp-content\/uploads\/2024\/08\/JStracks-874x1024.jpg 874w, https:\/\/www.vfb-hochneukirch.de\/wp-content\/uploads\/2024\/08\/JStracks-256x300.jpg 256w, https:\/\/www.vfb-hochneukirch.de\/wp-content\/uploads\/2024\/08\/JStracks-768x899.jpg 768w, https:\/\/www.vfb-hochneukirch.de\/wp-content\/uploads\/2024\/08\/JStracks-1312x1536.jpg 1312w, https:\/\/www.vfb-hochneukirch.de\/wp-content\/uploads\/2024\/08\/JStracks-600x703.jpg 600w, https:\/\/www.vfb-hochneukirch.de\/wp-content\/uploads\/2024\/08\/JStracks.jpg 1666w\" sizes=\"auto, (max-width: 874px) 100vw, 874px\" \/><\/figure>\n<\/div>\n\n\n<p class=\"has-text-align-center\"> J\u00fcrgen Stracks<br>Email: <a href=\"mailto:juergen.stracks@vfb-hochneukirch.de\" target=\"_blank\" rel=\"noreferrer noopener\">juergen.stracks@vfb-hochneukirch.de<\/a>  <\/p>\n\n\n\n<p class=\"has-text-align-center\"><strong>2. Vorsitzender<\/strong><\/p>\n\n\n<div class=\"wp-block-image\">\n<figure class=\"aligncenter size-large is-resized\"><img loading=\"lazy\" decoding=\"async\" width=\"927\" height=\"1024\" src=\"https:\/\/www.vfb-hochneukirch.de\/wp-content\/uploads\/2024\/07\/OKelzenberg-1-927x1024.jpg\" alt=\"\" class=\"wp-image-4009\" style=\"width:234px;height:auto\" srcset=\"https:\/\/www.vfb-hochneukirch.de\/wp-content\/uploads\/2024\/07\/OKelzenberg-1-927x1024.jpg 927w, https:\/\/www.vfb-hochneukirch.de\/wp-content\/uploads\/2024\/07\/OKelzenberg-1-272x300.jpg 272w, https:\/\/www.vfb-hochneukirch.de\/wp-content\/uploads\/2024\/07\/OKelzenberg-1-768x848.jpg 768w, https:\/\/www.vfb-hochneukirch.de\/wp-content\/uploads\/2024\/07\/OKelzenberg-1-1391x1536.jpg 1391w, https:\/\/www.vfb-hochneukirch.de\/wp-content\/uploads\/2024\/07\/OKelzenberg-1-1854x2048.jpg 1854w, https:\/\/www.vfb-hochneukirch.de\/wp-content\/uploads\/2024\/07\/OKelzenberg-1-600x663.jpg 600w, https:\/\/www.vfb-hochneukirch.de\/wp-content\/uploads\/2024\/07\/OKelzenberg-1.jpg 1974w\" sizes=\"auto, (max-width: 927px) 100vw, 927px\" \/><\/figure>\n<\/div>\n\n\n<p class=\"has-text-align-center\">Oliver Kelzenberg<br>Email: <a href=\"mailto:kelze95@googlemail.com\">kelze95@gmail.com<\/a><\/p>\n\n\n\n<p class=\"has-text-align-center\"><strong>Gesch\u00e4ftsf\u00fchrer<\/strong><\/p>\n\n\n<div class=\"wp-block-image\">\n<figure class=\"aligncenter size-large is-resized\"><img loading=\"lazy\" decoding=\"async\" width=\"906\" height=\"1024\" src=\"https:\/\/www.vfb-hochneukirch.de\/wp-content\/uploads\/2024\/07\/TMueller-906x1024.jpg\" alt=\"\" class=\"wp-image-4006\" style=\"width:242px;height:auto\" srcset=\"https:\/\/www.vfb-hochneukirch.de\/wp-content\/uploads\/2024\/07\/TMueller-906x1024.jpg 906w, https:\/\/www.vfb-hochneukirch.de\/wp-content\/uploads\/2024\/07\/TMueller-265x300.jpg 265w, https:\/\/www.vfb-hochneukirch.de\/wp-content\/uploads\/2024\/07\/TMueller-768x868.jpg 768w, https:\/\/www.vfb-hochneukirch.de\/wp-content\/uploads\/2024\/07\/TMueller-1359x1536.jpg 1359w, https:\/\/www.vfb-hochneukirch.de\/wp-content\/uploads\/2024\/07\/TMueller-1812x2048.jpg 1812w, https:\/\/www.vfb-hochneukirch.de\/wp-content\/uploads\/2024\/07\/TMueller-600x678.jpg 600w, https:\/\/www.vfb-hochneukirch.de\/wp-content\/uploads\/2024\/07\/TMueller.jpg 1846w\" sizes=\"auto, (max-width: 906px) 100vw, 906px\" \/><\/figure>\n<\/div>\n\n\n<p class=\"has-text-align-center\"> Thomas M\u00fcller<br>Email: <a href=\"mailto:thomas.mueller@vfb-hochneukirch.de\" target=\"_blank\" rel=\"noreferrer noopener\">thomas.mueller@vfb-hochneukirch.de<\/a>  <\/p>\n\n\n\n<p class=\"has-text-align-center\"><strong>2. Gesch\u00e4ftsf\u00fchrer<\/strong><\/p>\n\n\n\n<p class=\"has-text-align-center\">Marcel Brunen<br>Email: n\/a<\/p>\n\n\n\n<p class=\"has-text-align-center\"><strong>Kassierer<\/strong><\/p>\n\n\n<div class=\"wp-block-image\">\n<figure class=\"aligncenter size-large is-resized\"><img loading=\"lazy\" decoding=\"async\" width=\"882\" height=\"1024\" src=\"https:\/\/www.vfb-hochneukirch.de\/wp-content\/uploads\/2024\/07\/MSchmitz-882x1024.jpg\" alt=\"\" class=\"wp-image-4008\" style=\"width:242px;height:auto\" srcset=\"https:\/\/www.vfb-hochneukirch.de\/wp-content\/uploads\/2024\/07\/MSchmitz-882x1024.jpg 882w, https:\/\/www.vfb-hochneukirch.de\/wp-content\/uploads\/2024\/07\/MSchmitz-258x300.jpg 258w, https:\/\/www.vfb-hochneukirch.de\/wp-content\/uploads\/2024\/07\/MSchmitz-768x891.jpg 768w, https:\/\/www.vfb-hochneukirch.de\/wp-content\/uploads\/2024\/07\/MSchmitz-1323x1536.jpg 1323w, https:\/\/www.vfb-hochneukirch.de\/wp-content\/uploads\/2024\/07\/MSchmitz-600x696.jpg 600w, https:\/\/www.vfb-hochneukirch.de\/wp-content\/uploads\/2024\/07\/MSchmitz.jpg 1736w\" sizes=\"auto, (max-width: 882px) 100vw, 882px\" \/><\/figure>\n<\/div>\n\n\n<p class=\"has-text-align-center\">Michel Schmitz<br>Email: <a href=\"mailto:michelschmitz1@web.de\">michelschmitz1@web.de<\/a><\/p>\n\n\n\n<p class=\"has-text-align-center\"><strong>Sportlicher Leiter &#8211; Senioren<\/strong><\/p>\n\n\n\n<p class=\"has-text-align-center\">n\/a<br>Email: n\/a<\/p>\n\n\n\n<p class=\"has-text-align-center\"><strong>Sportlicher Leiter &#8211; Junioren<\/strong><\/p>\n\n\n<div class=\"wp-block-image\">\n<figure class=\"aligncenter size-large is-resized\"><img loading=\"lazy\" decoding=\"async\" width=\"881\" height=\"1024\" src=\"https:\/\/www.vfb-hochneukirch.de\/wp-content\/uploads\/2024\/07\/SPlum-881x1024.jpg\" alt=\"\" class=\"wp-image-4010\" style=\"width:246px;height:auto\" srcset=\"https:\/\/www.vfb-hochneukirch.de\/wp-content\/uploads\/2024\/07\/SPlum-881x1024.jpg 881w, https:\/\/www.vfb-hochneukirch.de\/wp-content\/uploads\/2024\/07\/SPlum-258x300.jpg 258w, https:\/\/www.vfb-hochneukirch.de\/wp-content\/uploads\/2024\/07\/SPlum-768x893.jpg 768w, https:\/\/www.vfb-hochneukirch.de\/wp-content\/uploads\/2024\/07\/SPlum-1322x1536.jpg 1322w, https:\/\/www.vfb-hochneukirch.de\/wp-content\/uploads\/2024\/07\/SPlum-1762x2048.jpg 1762w, https:\/\/www.vfb-hochneukirch.de\/wp-content\/uploads\/2024\/07\/SPlum-600x697.jpg 600w\" sizes=\"auto, (max-width: 881px) 100vw, 881px\" \/><\/figure>\n<\/div>\n\n\n<p class=\"has-text-align-center\">&nbsp;Sebastian Plum<br>Email: <a href=\"mailto:sebastian.plum@vfb-hochneukirch.de\" target=\"_blank\" rel=\"noreferrer noopener\">sebastian.plum@vfb-hochneukirch.de<\/a><\/p>\n\n\n\n<p class=\"has-text-align-center\"><\/p>\n","protected":false},"excerpt":{"rendered":"<p>Vorsitzender J\u00fcrgen StracksEmail: juergen.stracks@vfb-hochneukirch.de 2. Vorsitzender Oliver KelzenbergEmail: kelze95@gmail.com Gesch\u00e4ftsf\u00fchrer Thomas M\u00fcllerEmail: thomas.mueller@vfb-hochneukirch.de 2. Gesch\u00e4ftsf\u00fchrer Marcel BrunenEmail: n\/a Kassierer Michel SchmitzEmail: michelschmitz1@web.de Sportlicher Leiter &#8211; Senioren n\/aEmail: n\/a Sportlicher Leiter [&hellip;]<\/p>\n","protected":false},"author":3,"featured_media":0,"parent":0,"menu_order":0,"comment_status":"closed","ping_status":"closed","template":"","meta":{"footnotes":""},"class_list":["post-138","page","type-page","status-publish","hentry"],"_links":{"self":[{"href":"https:\/\/www.vfb-hochneukirch.de\/index.php?rest_route=\/wp\/v2\/pages\/138","targetHints":{"allow":["GET"]}}],"collection":[{"href":"https:\/\/www.vfb-hochneukirch.de\/index.php?rest_route=\/wp\/v2\/pages"}],"about":[{"href":"https:\/\/www.vfb-hochneukirch.de\/index.php?rest_route=\/wp\/v2\/types\/page"}],"author":[{"embeddable":true,"href":"https:\/\/www.vfb-hochneukirch.de\/index.php?rest_route=\/wp\/v2\/users\/3"}],"replies":[{"embeddable":true,"href":"https:\/\/www.vfb-hochneukirch.de\/index.php?rest_route=%2Fwp%2Fv2%2Fcomments&post=138"}],"version-history":[{"count":9,"href":"https:\/\/www.vfb-hochneukirch.de\/index.php?rest_route=\/wp\/v2\/pages\/138\/revisions"}],"predecessor-version":[{"id":4338,"href":"https:\/\/www.vfb-hochneukirch.de\/index.php?rest_route=\/wp\/v2\/pages\/138\/revisions\/4338"}],"wp:attachment":[{"href":"https:\/\/www.vfb-hochneukirch.de\/index.php?rest_route=%2Fwp%2Fv2%2Fmedia&parent=138"}],"curies":[{"name":"wp","href":"https:\/\/api.w.org\/{rel}","templated":true}]}}