{"id":128,"date":"2019-03-21T13:41:31","date_gmt":"2019-03-21T12:41:31","guid":{"rendered":"http:\/\/127.0.0.3:8080\/?page_id=128"},"modified":"2020-09-16T12:16:37","modified_gmt":"2020-09-16T11:16:37","slug":"vereinsheim","status":"publish","type":"page","link":"https:\/\/www.vfb-hochneukirch.de\/?page_id=128","title":{"rendered":"&#8222;VfB-Sportpark&#8220;"},"content":{"rendered":"\n<p>Unser VfB-Sportpark besteht aus einem Kunstrasenplatz der neuesten Generation&nbsp;und einem neuen Umkleidegeb\u00e4ude mit Vereinsheim.<\/p>\n\n\n\n<figure class=\"wp-block-gallery columns-1 is-cropped wp-block-gallery-1 is-layout-flex wp-block-gallery-is-layout-flex\"><ul class=\"blocks-gallery-grid\"><li class=\"blocks-gallery-item\"><figure><img decoding=\"async\" src=\"https:\/\/www.vfb-hochneukirch.de\/wp-content\/uploads\/2019\/03\/100_9814-1024x768.jpg\" alt=\"\" data-id=\"627\" data-link=\"https:\/\/www.vfb-hochneukirch.de\/?attachment_id=627\" class=\"wp-image-627\"\/><\/figure><\/li><\/ul><\/figure>\n\n\n\n<p>Das Kunstrasenspielfeld hat die Ma\u00dfe 105 x 68 m (netto) und ist ein Kunstrasen der 3. Generation. Verlegt wurde der Kunstrasen Liga-Turf 240 der Firma Polytan. Der Boden gen\u00fcgt h\u00f6chsten Anspr\u00fcchen. Durch die Garntechnologie wir h\u00f6chste Elastizit\u00e4t, optimales Wiederaufstellverm\u00f6gen und beste Abriebfestigkeit erzielt. Der Untergrund besteht aus einer elastischen Tragschicht, die die Spieler durch ein genau definiertes Kraftabbauverhalten vor schleichenden Gesundheitssch\u00e4den sch\u00fctzen soll. Gef\u00fcllt ist der Kunstrasen mit Sand und Gummigranulat. Ausgeleuchtet wird der Platz mit 6 Flutlichtmasten mit je 2 Leuchten mit einer Gesamtleistung von 24.000 Watt und einer Ausbeute von 150 Lux. <\/p>\n\n\n\n<p><strong>Umkleidegeb\u00e4ude<\/strong><\/p>\n\n\n\n<p>Das neue Umkleidegeb\u00e4ude (mit Vereinsheim) wurde nach jahrelanger Planung und einj\u00e4hriger Bauzeit im August 2014 bezogen. Im Auftrag der Gemeinde J\u00fcchen wurde das Geb\u00e4ude durch den VfB 08 Hochneukirch errichtet, wobei der VfB 08 Hochneukirch auch als Bauherr auftrat. Der Verein hatte einen erheblichen Eigenanteil zu leisten, damit sich unsere Sportler endlich wieder direkt am Sportplatz umkleiden k\u00f6nnen. Integriert in dieses Umkleidegeb\u00e4ude ist ein Vereinsheim, das Treffpunkt f\u00fcr unsere Vereinsmitglieder ist. Viele Arbeiten wurden in Eigenregie geleistet, nur durch diese Konstellation lie\u00df sich das Geb\u00e4ude verwirklichen.<\/p>\n\n\n\n<p>Das Geb\u00e4ude umfasst zwei Kabinen mit jeweils separaten Duschr\u00e4umen und zwei Schiedsrichterkabinen,&nbsp;eine Toilettenanlage f\u00fcr Sportler und Besucher, Behindertentoilette&nbsp;sowie unser Vereinsheim mit separater K\u00fcche. Die Einweihung erfolgte am 29. August 2014.<\/p>\n\n\n\n<figure class=\"wp-block-gallery columns-2 is-cropped wp-block-gallery-2 is-layout-flex wp-block-gallery-is-layout-flex\"><ul class=\"blocks-gallery-grid\"><li class=\"blocks-gallery-item\"><figure><img loading=\"lazy\" decoding=\"async\" width=\"1024\" height=\"768\" src=\"https:\/\/www.vfb-hochneukirch.de\/wp-content\/uploads\/2019\/04\/Vereinsheim01-1024x768.jpg\" alt=\"\" data-id=\"752\" data-link=\"https:\/\/www.vfb-hochneukirch.de\/?attachment_id=752\" class=\"wp-image-752\" srcset=\"https:\/\/www.vfb-hochneukirch.de\/wp-content\/uploads\/2019\/04\/Vereinsheim01-1024x768.jpg 1024w, https:\/\/www.vfb-hochneukirch.de\/wp-content\/uploads\/2019\/04\/Vereinsheim01-600x450.jpg 600w, https:\/\/www.vfb-hochneukirch.de\/wp-content\/uploads\/2019\/04\/Vereinsheim01-300x225.jpg 300w, https:\/\/www.vfb-hochneukirch.de\/wp-content\/uploads\/2019\/04\/Vereinsheim01-768x576.jpg 768w, https:\/\/www.vfb-hochneukirch.de\/wp-content\/uploads\/2019\/04\/Vereinsheim01.jpg 1600w\" sizes=\"auto, (max-width: 1024px) 100vw, 1024px\" \/><\/figure><\/li><li class=\"blocks-gallery-item\"><figure><img loading=\"lazy\" decoding=\"async\" width=\"1024\" height=\"768\" src=\"https:\/\/www.vfb-hochneukirch.de\/wp-content\/uploads\/2019\/04\/Vereinsheim02-1024x768.jpg\" alt=\"\" data-id=\"753\" data-link=\"https:\/\/www.vfb-hochneukirch.de\/?attachment_id=753\" class=\"wp-image-753\" srcset=\"https:\/\/www.vfb-hochneukirch.de\/wp-content\/uploads\/2019\/04\/Vereinsheim02-1024x768.jpg 1024w, https:\/\/www.vfb-hochneukirch.de\/wp-content\/uploads\/2019\/04\/Vereinsheim02-600x450.jpg 600w, https:\/\/www.vfb-hochneukirch.de\/wp-content\/uploads\/2019\/04\/Vereinsheim02-300x225.jpg 300w, https:\/\/www.vfb-hochneukirch.de\/wp-content\/uploads\/2019\/04\/Vereinsheim02-768x576.jpg 768w, https:\/\/www.vfb-hochneukirch.de\/wp-content\/uploads\/2019\/04\/Vereinsheim02.jpg 1600w\" sizes=\"auto, (max-width: 1024px) 100vw, 1024px\" \/><\/figure><\/li><\/ul><\/figure>\n","protected":false},"excerpt":{"rendered":"<p>Unser VfB-Sportpark besteht aus einem Kunstrasenplatz der neuesten Generation&nbsp;und einem neuen Umkleidegeb\u00e4ude mit Vereinsheim. Das Kunstrasenspielfeld hat die Ma\u00dfe 105 x 68 m (netto) und ist ein Kunstrasen der 3. [&hellip;]<\/p>\n","protected":false},"author":3,"featured_media":0,"parent":0,"menu_order":0,"comment_status":"closed","ping_status":"closed","template":"","meta":{"footnotes":""},"class_list":["post-128","page","type-page","status-publish","hentry"],"_links":{"self":[{"href":"https:\/\/www.vfb-hochneukirch.de\/index.php?rest_route=\/wp\/v2\/pages\/128","targetHints":{"allow":["GET"]}}],"collection":[{"href":"https:\/\/www.vfb-hochneukirch.de\/index.php?rest_route=\/wp\/v2\/pages"}],"about":[{"href":"https:\/\/www.vfb-hochneukirch.de\/index.php?rest_route=\/wp\/v2\/types\/page"}],"author":[{"embeddable":true,"href":"https:\/\/www.vfb-hochneukirch.de\/index.php?rest_route=\/wp\/v2\/users\/3"}],"replies":[{"embeddable":true,"href":"https:\/\/www.vfb-hochneukirch.de\/index.php?rest_route=%2Fwp%2Fv2%2Fcomments&post=128"}],"version-history":[{"count":0,"href":"https:\/\/www.vfb-hochneukirch.de\/index.php?rest_route=\/wp\/v2\/pages\/128\/revisions"}],"wp:attachment":[{"href":"https:\/\/www.vfb-hochneukirch.de\/index.php?rest_route=%2Fwp%2Fv2%2Fmedia&parent=128"}],"curies":[{"name":"wp","href":"https:\/\/api.w.org\/{rel}","templated":true}]}}